{"id":9547,"date":"2022-11-09T09:52:30","date_gmt":"2022-11-09T07:52:30","guid":{"rendered":"https:\/\/www.albinoarmani.com\/termini-e-condizioni\/"},"modified":"2022-11-09T09:56:23","modified_gmt":"2022-11-09T07:56:23","slug":"terms-and-conditions","status":"publish","type":"page","link":"https:\/\/www.albinoarmani.com\/en\/terms-and-conditions\/","title":{"rendered":"Terms and conditions"},"content":{"rendered":"<div class=\"wpb-content-wrapper\"><p>[vc_row][vc_column][vc_empty_space][vc_column_text]<\/p>\n<h3><strong>CONDIZIONI DI VENDITA<\/strong><\/h3>\n<p><strong>PREMESSA<\/strong><br \/>\nIl testo che segue (\u201ccondizioni generali di vendita\u201d) disciplina le modalit\u00e0 e le condizioni di vendita dei prodotti commercializzati da Futuri 1607 (i \u201cprodotti\u201d). Tutti i contratti per la vendita di prodotti da parte di Futuri 1607 a terzi (i \u201cclienti\u201d) sono regolati dalle presenti Condizioni Generali, le quali formano parte integrante e sostanziale di ogni proposta, ordine e conferma d\u2019ordine di acquisto dei prodotti stessi. Le condizioni di vendita applicabili all\u2019ordine sono quelle in vigore alla data dell\u2019ordine stesso.<br \/>\nOgni modifica relativa a operazioni o condizioni di pagamento eventualmente concessa in deroga alle Condizioni Generali sar\u00e0 valida solo se Futuri 1607 avr\u00e0 accettato detta condizione per iscritto.<\/p>\n<p>Le Condizioni Generali si applicano a tutti i Clienti, salvo alcune disposizioni applicabili esclusivamente al Cliente Consumatore (per \u201cCliente Consumatore\u201d s\u2019intende una persona fisica che acquisti i prodotti per scopi estranei all\u2019attivit\u00e0 imprenditoriale o professionale eventualmente svolta); si presume che non sia \u201cCliente Consumatore\u201d quel Cliente che invii una proposta d\u2019acquisto inserendo la propria partiva IVA nell\u2019area relativa ai dati anagrafici del Cliente. Ai Contratti d\u2019Acquisto stipulati da Clienti Consumatori si applicano inoltre gli articoli da 50 a 63 del D. Lgs. n. 206\/2005.<br \/>\nFuturi 1607 potr\u00e0 modificare, in qualsiasi momento e senza preavviso, il contenuto delle Condizioni Generali di cui al presente documento: tali modifiche avranno effetto dalla data di pubblicazione sul Sito.<\/p>\n<p><strong>PROCEDURA D\u2019ACQUISTO<\/strong><br \/>\nL\u2019ordine inviato dal Cliente ha valore di proposta contrattuale e comporta la completa conoscenza ed integrale accettazione delle presenti Condizioni Generali.<br \/>\nL\u2019avvenuta corretta ricezione della proposta del Cliente \u00e8 confermata da Futuri 1607 mediante una risposta automatica inviata all\u2019indirizzo di posta elettronica del Cliente. Tale mail automatica conferma solamente la corretta ricezione della proposta. Il messaggio di conferma indicher\u00e0 il \u2018Numero Ordine\u2019, da utilizzarsi in ogni successiva comunicazione con Futuri 1607.<\/p>\n<p>Ciascun ordine \u00e8 visibile dal Cliente nella propria area personale del Sito. Non appena l\u2019ordine verr\u00e0 evaso, i dati contenuti all\u2019interno dell\u2019area personale verranno aggiornati. Ciascun Contratto d\u2019Acquisto stipulato tra Futuri 1607 e il Cliente deve intendersi concluso con l\u2019accettazione dell\u2019ordine da parte de Futuri 1607 a facolt\u00e0 di accettare o meno, a propria discrezione, l\u2019ordine inviato dal Cliente, senza che quest\u2019ultimo possa avanzare pretese o diritti di sorta, a qualsiasi titolo, anche risarcitorio, in caso di mancata accettazione dell\u2019ordine stesso. L\u2019ordine si intende accettato da Futuri 1607 se, entro 48 ore dall\u2019invio dell\u2019ordine, il Cliente non dovesse ricevere altre comunicazioni. In caso di mancata accettazione Futuri 1607 provveder\u00e0 a dare avviso al cliente tramite messaggio di posta elettronica.<\/p>\n<p>Con l\u2019invio dell\u2019ordine il Cliente dichiara di aver preso visione di tutte le indicazioni a lui fornite durante la procedura d\u2019acquisto, e di accettare integralmente le Condizioni Generali e di pagamento di seguito descritte.<\/p>\n<p><strong>PREZZI DEI PRODOTTI \u2013 SPESE DI CONSEGNA \u2013 DISPONIBILIT\u00c0 DEI PRODOTTI<\/strong><br \/>\nTutti i prezzi dei prodotti sono chiaramente indicati sul Sito e si intendono comprensivi di IVA. Essi non includono eventuali altre tasse, imposte o dazi disposti dalle relative legislazioni applicabili in caso di importazione. In questo caso il Cliente dovr\u00e0 provvedere a sdoganare i prodotti versando i dazi e le imposte (diverse dall\u2019IVA) eventualmente dovuti nel Paese di importazione.<\/p>\n<p>I prezzi e le disponibilit\u00e0 dei prodotti riportati sul Sito sono soggetti a modifica in qualsiasi momento e senza preavviso, fermo restando che, limitatamente agli ordini in corso di accettazione o gi\u00e0 accettati da Futuri 1607 ,si applicheranno le condizioni di vendita vigenti al momento dell\u2019invio dell\u2019ordine da parte del Cliente.<\/p>\n<p>La disponibilit\u00e0 indicata nelle schede prodotto non \u00e8 aggiornata in tempo reale; nel caso in cui dovessero verificarsi numerosi accessi al sito, l\u2019effettiva disponibilit\u00e0 dei singoli prodotti potr\u00e0 variare sensibilmente nel corso della medesima giornata rispetto alle indicazioni riportate sul Sito. In virt\u00f9 di queste variabili Futuri 1607 non garantisce, quindi, la certezza di evasione immediata della consegna dei prodotti acquistati e indicati come disponibili sul Sito e pertanto essa non sar\u00e0 in nessun caso responsabile di eventuali ritardi nella consegna.<\/p>\n<p>Per pagamenti con bonifico bancario, Futuri 1607 s.r.l. provveder\u00e0 ad inviare i prodotti solo quando il relativo importo risulter\u00e0 accreditato presso il conto corrente intestato a Futuri 1607 s.r.l.<\/p>\n<p>Qualora i tempi di consegna del prodotto ordinato subiscano ritardi rispetto ai tempi di consegna indicati sul Sito prima dell\u2019ordine, Futuri 1607 s.r.l. si impegna a darne pronta comunicazione al Cliente tramite un messaggio di posta elettronica. Fino al momento della spedizione il Cliente ha la facolt\u00e0 di annullare l\u2019ordine o modificarlo, esclusivamente seguendo le procedure riportate nella propria area personale. Il costo di ciascuna spedizione, il cui ammontare potr\u00e0 variare in base alla modalit\u00e0 di consegna e di pagamento nonch\u00e9 alla nazione di destinazione e all\u2019importo totale dell\u2019ordine, si somma al prezzo complessivo di ciascun acquisto ed \u00e8 chiaramente indicato e comunicato al Cliente prima della conclusione del Contratto d\u2019Acquisto, all\u2019interno del Sito.<\/p>\n<p>La rappresentazione visiva dei prodotti sul Sito, ove disponibile, corrisponde normalmente all\u2019immagine fotografica dei prodotti stessi ed ha il solo scopo di presentarli per la vendita, senza alcuna garanzia o impegno, da parte di Futuri 1607 s.r.l., circa l\u2019esatta corrispondenza dell\u2019immagine raffigurata sul Sito con il prodotto reale (con particolare riferimento alle dimensioni reali e\/o agli aspetti cromatici dei prodotti).<\/p>\n<p><strong>DIRITTO DI RECESSO<\/strong><br \/>\nPu\u00f2 esercitare il diritto di recesso (e recedere dal contratto per qualunque motivo) il cliente-consumatore (ossia una persona fisica che acquista la merce per scopi non riferibili alla propria attivit\u00e0 professionale).<br \/>\nPer esercitare tale diritto il cliente dovr\u00e0 inviare a Futuri 1607 s.r.l. una comunicazione entro 14 giorni lavorativi dalla data di consegna della merce.<br \/>\nNota Bene: Non possono esercitare il diritto di recesso i clienti che acquistano con Partita IVA.<\/p>\n<p>Il diritto di recesso \u00e8 comunque sottoposto alle seguenti condizioni:<br \/>\n1. Il bene acquistato dovr\u00e0 essere integro e restituito nella confezione originale, completa in tutte le sue parti (comprese imballo ed eventuale documentazione e dotazione accessoria);<br \/>\n2. Per limitare danneggiamenti alla confezione originale raccomandiamo, quando possibile, di inserirla in una seconda scatola (\u00e8 proibita l\u2019applicazione di etichette o nastri adesivi sulla confezione originale del prodotto);<br \/>\n3. La spedizione, fino all\u2019arrivo nel nostro magazzino, \u00e8 sotto la completa responsabilit\u00e0 del cliente;<br \/>\n4. Le spese di trasporto per la restituzione della merce sono gratuite (solo in Italia);<\/p>\n<p>Futuri 1607 s.r.l. non risponde in nessun modo per danneggiamenti o furto\/smarrimento di beni restituiti con spedizioni non assicurate. Non verranno ritirati in nessun caso pacchi in contrassegno n\u00e9 in porto assegnato.<\/p>\n<p>&nbsp;<\/p>\n<p><strong>RIMBORSO AL CLIENTE<\/strong><br \/>\nFatte salve eventuali spese di ripristino per danni accertati all\u2019imballo originale, Futuri 1607 s.r.l. provveder\u00e0 a rimborsare al cliente l\u2019 importo gi\u00e0 pagato per il prodotto, escluso le spese di trasporto, tramite procedura di storno dell\u2019importo addebitato sulla Carta di Credito o a mezzo Bonifico Bancario. In quest\u2019ultimo caso, sar\u00e0 cura del cliente fornire tempestivamente le proprie coordinate bancarie (Codice IBAN).<\/p>\n<p>&nbsp;<\/p>\n<p><strong>RIMBORSI CLIENTI ESTERNI EU<\/strong><br \/>\nIl costo di spedizione per il rientro del prodotto acquistato \u00e8 a carico del cliente e per i paesi esterni alla EU al rimborso finale verranno detratti i costi delle tasse di importazione.<\/p>\n<p>&nbsp;<\/p>\n<p><strong>QUANDO DECADE IL DIRITTO DI RECESSO<\/strong><br \/>\nIl diritto di recesso decade nei casi in cui Futuri 1607 s.r.l. accerti:<br \/>\n1. Utilizzo anche parziale del bene;<br \/>\n2. La mancanza della confezione esterna e\/o dell\u2019imballo interno originale;<br \/>\n3. L\u2019assenza di elementi integranti del prodotto;<br \/>\n4. Il danneggiamento del prodotto per cause diverse dal suo trasporto.<\/p>\n<p>Nei casi sopra indicati, Futuri 1607 s.r.l. provveder\u00e0 a restituire al mittente il bene acquistato, addebitando allo stesso le spese di spedizione.<\/p>\n<p>&nbsp;<\/p>\n<p><strong>COMUNICAZIONI E RECLAMI<\/strong><br \/>\nTutte le comunicazioni o gli eventuali reclami del Cliente nei confronti di Futuri 1607 s.r.l. relativamente ai Contratti d\u2019Acquisto dovranno essere indirizzate al Servizio Clienti scrivendo a <a href=\"mailto:info@albinoarmani.com\">info@albinoarmani.com<\/a><\/p>\n<p>&nbsp;<\/p>\n<p><strong>FORO COMPETENTE<\/strong><br \/>\nIl Contratto d\u2019Acquisto tra il Cliente e Futuri 1607 s.r.l.s\u2019intende concluso in Italia e regolato dalla Legge Italiana. Per qualsiasi controversia sar\u00e0 competente l\u2019Autorit\u00e0 Giudiziaria di Venezia.<\/p>\n<p>&nbsp;<\/p>\n<p><strong>TRATTAMENTO DEI DATI PERSONALI (PRIVACY)<\/strong><br \/>\nPer la disciplina del trattamento dei dati personali da parte de Futuri 1607 s.r.l. si rinvia all\u2019area del sito appositamente dedicata.[\/vc_column_text][vc_empty_space][\/vc_column][\/vc_row]<\/p>\n<\/div>","protected":false},"excerpt":{"rendered":"<p>[vc_row][vc_column][vc_empty_space][vc_column_text] CONDIZIONI DI VENDITA PREMESSA Il testo che segue (\u201ccondizioni generali di vendita\u201d) disciplina le modalit\u00e0 e le condizioni di vendita dei prodotti commercializzati da Futuri 1607 (i \u201cprodotti\u201d). Tutti i contratti per la vendita di prodotti da parte di [&hellip;]<\/p>\n","protected":false},"author":1,"featured_media":0,"parent":0,"menu_order":6,"comment_status":"closed","ping_status":"closed","template":"","meta":{"_acf_changed":false,"footnotes":""},"class_list":["post-9547","page","type-page","status-publish","hentry"],"acf":[],"_links":{"self":[{"href":"https:\/\/www.albinoarmani.com\/en\/wp-json\/wp\/v2\/pages\/9547","targetHints":{"allow":["GET"]}}],"collection":[{"href":"https:\/\/www.albinoarmani.com\/en\/wp-json\/wp\/v2\/pages"}],"about":[{"href":"https:\/\/www.albinoarmani.com\/en\/wp-json\/wp\/v2\/types\/page"}],"author":[{"embeddable":true,"href":"https:\/\/www.albinoarmani.com\/en\/wp-json\/wp\/v2\/users\/1"}],"replies":[{"embeddable":true,"href":"https:\/\/www.albinoarmani.com\/en\/wp-json\/wp\/v2\/comments?post=9547"}],"version-history":[{"count":2,"href":"https:\/\/www.albinoarmani.com\/en\/wp-json\/wp\/v2\/pages\/9547\/revisions"}],"predecessor-version":[{"id":9549,"href":"https:\/\/www.albinoarmani.com\/en\/wp-json\/wp\/v2\/pages\/9547\/revisions\/9549"}],"wp:attachment":[{"href":"https:\/\/www.albinoarmani.com\/en\/wp-json\/wp\/v2\/media?parent=9547"}],"curies":[{"name":"wp","href":"https:\/\/api.w.org\/{rel}","templated":true}]}}