{"id":5772,"date":"2020-12-14T10:19:38","date_gmt":"2020-12-14T08:19:38","guid":{"rendered":"http:\/\/www.albinoarmani.com\/?page_id=5772"},"modified":"2022-08-03T09:38:37","modified_gmt":"2022-08-03T07:38:37","slug":"privacy-policy","status":"publish","type":"page","link":"https:\/\/www.albinoarmani.com\/en\/privacy-policy\/","title":{"rendered":"Privacy Policy"},"content":{"rendered":"<div class=\"wpb-content-wrapper\"><p>[vc_row][vc_column][vc_column_text]<strong>PRIVACY POLICY<br \/>\n<\/strong>Privacy policy and cookie policy ex Art 13 of the EU General Data Protection Regulation 2016\/679 (GDPR)<br \/>\nCantina Vini Armani A. s.r.l.<\/p>\n<p>&nbsp;<\/p>\n<p><strong>COMPANY NAME<br \/>\n<\/strong>is constantly striving to protect the online privacy of its users.<\/p>\n<p><em>A) Source of personal data and Data Controller<br \/>\n<\/em>This document has been drawn up pursuant to Art. 13 of EU Regulation 2016\/679 (hereafter: &#8220;Regulation&#8221;) in order to allow you to know our privacy policy. It describes the general methods of processing the personal data of users of the site and of cookies, and how your personal information is managed when using our site, www.albinoarmani.com (hereinafter &#8220;Site&#8221;). The information and data provided by you or otherwise acquired as part of the use of the services of Futuri 1607 s.r.l., \u2013 such as: access to the reserved area of the Site, the newsletters, etc. (below called &#8220;Services&#8221;) -, will be treated in compliance with the provisions of the Regulation and the confidentiality obligations that for the activity of <em>Futuri 1607 s.r.l<\/em>. According to the rules of the Regulation, the treatments carried out by Futuri 1607 s.r.l. will be based on the principles of lawfulness, correctness, transparency, limiting purposes and storage, minimization of data, accuracy, integrity and confidentiality.<br \/>\nThe owner of the advantages obtained by the Site is <em>Cantina Vini Armani A. s.r.l.<\/em> based in Via Ceradello 401, Dolc\u00e8 (Verona) to whom you can write for any information about the processing of personal data.<\/p>\n<p>The External Data Controller is <em>24 Consulting<\/em>, based in Via Del Perlar, 2, 37135 Verona VR.<\/p>\n<p>The Person responsible for the protection of personal data (hereafter, &#8220;DPO&#8221;) can be reached at the following address: <a href=\"mailto:federico@albinoarmani.com\">federico@albinoarmani.com<\/a>.<\/p>\n<p>This information sheet has been created exclusively for this Site and not for other websites possibly accessed by the user through links. Please refer to any specific sections of the Site where you can find specific information and any requests for consent for individual use.<\/p>\n<p><em>B) Types of data<br \/>\n<\/em>As a result of the navigation of the Site, we inform you that <em>Cantina Vini Armani A. s.r.l<\/em>. will process personal data (Art. 4 (1) of the Regulation), below simply called &#8220;Personal Data&#8221;. In particular, the Personal Data processed through the Site is as follows:<\/p>\n<p><em>1) Browsing data<br \/>\n<\/em>Computer systems and software procedures responsible for the operation of the Site acquire, during their normal exercise, some Personal Data whose transmission is implicit in the use of Internet communication protocols. This information is not collected to be associated with identified data subjects, but which by their very nature could, through processing and associations with data held by third parties, allow users to be identified. This category of data includes the IP addresses or domain names of the computers of the users who connect to the Site, the addresses in the Uniform Resource Identifier (URI) notation of the requested resources, the time of the request, the method used to submit the request to the server, the size of the file obtained in response, the numeric code indicating the status of the response given by the server (good, error, etc.), and other parameters related to the user&#8217;s operating system and computer environment. This data is used for the purpose of obtaining anonymous statistical information on the use of the Site and to check its correct functioning (see below the paragraph on cookies), to identify anomalies and\/or abuses, and the data is deleted immediately after processing. The data could be used by competent authorities for the assessment of liability in case of hypothetical computer crimes against the site.<\/p>\n<p><em>2) Data voluntarily provided by the client\/user<br \/>\n<\/em>Apart from what is specified regarding the navigation data, the user is free to provide one\u2019s personal data reported in any request forms found in the website (e.g. to activate newsletters, free registration, purchase, etc.). Failure to provide them may make it impossible to provide the service. In these cases, only the information necessary for the requested service will be requested (see the specific information in detail). In the use of some Services of the Site there may be processing of Personal Data on behalf of third parties who you invited to <em>Cantina Vini Armani A. s.r.l<\/em>. With respect to these hypotheses, you are the independent data controller, assuming all legal obligations and responsibilities. In this sense, it grants <em>Cantina Vini Armani A. s.r.l.<\/em> much greater rights with respect to any dispute, claims, claims for compensation for damage caused by processing, etc. that could occur against <em>Cantina Vini Armani A. s.r.l.<\/em> deriving from third parties whose Personal Data have been processed through the use of the Site, whereby there is violation of the rules on the protection of applicable personal data. In any case, should <em>Cantina Vini Armani A. s.r.l. <\/em>provide or otherwise treat personal data of third parties derived from the use of the Site, it guarantees from now on \u2013 assuming any related responsibility \u2013 that this particular processing hypothesis is based on a suitable legal basis pursuant to Art. 6 of the Regulation that legitimizes the processing of the information in question.<\/p>\n<p><em>C) Purposes of processing and legal bases<\/em><br \/>\nThe processing of personal data that we intend to carry out (with your specific consent where necessary) has the following purposes:<\/p>\n<p>To allow the provision of the Services of the Site;<br \/>\nThe legal basis of the processing is the execution of pre-contractual measures adopted at request to obtain such use (see Art. 6 (1) (b) of the Regulation) if data processing is necessary for the provision of the Service.<br \/>\nThe provision of Personal Data for these purposes is optional, but any failure to provide it would make it impossible to activate the Services provided by the Site.<\/p>\n<p><em>D) Recipients of personal data<br \/>\n<\/em>Your Personal Data may be shared, for the above purposes, with:<\/p>\n<p>Persons authorized by <em>Cantina Vini Armani A. s.r.l<\/em>. to process Personal Data necessary to carry out activities closely related to the provision of the Services, provided that those persons have committed themselves to confidentiality or have an adequate legal obligation of confidentiality (e.g. employees and system administrators). Third parties who may be responsible for the management of the Site who typically act as Data Controllers (the list of data may be requested from the data controller at <a href=\"mailto:federico@albinoarmani.com\">federico@albinoarmani.com<\/a>).<\/p>\n<p>Subjects, bodies or authorities to whom it is mandatory to communicate your Personal Data by virtue of legal provisions or orders from the authorities.<\/p>\n<p><em>E) Transfer of personal data<\/em><br \/>\nSome of your Personal Data is shared with Recipients who may be located outside the European Union. Cantina Vini Armani A. s.r.l. ensures that the processing of your Personal Data by these Recipients takes place in compliance with the Regulations. Indeed, transfers can be based on an adequacy decision, standard contractual clauses approved by the European Commission or another appropriate legal basis.<\/p>\n<p><em>F) Your privacy rights under Art. 15 ff of the Regulation<\/em><br \/>\nPursuant to Articles 15 ff of the Regulation, you have the right to ask Cantina Vini Armani A. s.r.l., at any time, to access to your Personal Data, to rectify or cancel your Personal Data, or to oppose the processing thereof. Furthermore, you have the right to request the limitation of processing in the cases provided for in Art. 18 of the Regulation, as well as to obtain the data in question in a structured format, for common use and readable by an automatic device, as in the cases provided for in Art. 20 of the Regulation. Requests should be addressed in writing to the Data Protection Officer (DPO) at the following address: federico@albinoarmani.com. In any case, you always have the right to file a complaint with the competent Supervisory Authority (Guarantor for the Protection of Personal Data), pursuant to Art. 77 of the Regulation, if you believe that the processing of your Personal Data is contrary to the legislation in force.<\/p>\n<p><em>G) Modifications<\/em><br \/>\n<em>Cantina Vini Armani A. s.r.l<\/em>. reserves the right to modify or simply update the content of this privacy policy, in part or in full, also due to changes in the related legislation. <em>Cantina Vini Armani A. s.r.l.<\/em> will inform you of these changes as soon as they are introduced and they will be binding as soon as they are published on the Site. <em>Cantina Vini Armani A. s.r.l.<\/em> therefore invites you to regularly visit this section to discover the most updated version of the privacy policy in order to be always informed on the latest data, as well as and on how <em>Cantina Vini Armani A. s.r.l.<\/em> makes use of the policy.<\/p>\n<p>&nbsp;<br \/>\n<!--\n<strong>COOKIE POLICY<\/strong>\n\nDefinitions, characteristics and application of the legislation\n\nCookies are small text files that are sent off by the sites visited by users, and they are also recorded on the user\u2019s computer or mobile device. When the user visits the site again, then the cookies are retransmitted to the same site. It is due to cookies that a site can remember the user's actions and preferences, such as login data, the choice of language, font size, display settings, etc. In this manner, upon returning to the site, the user does not need to indicate his or her browsing actions and preferences. Cookies, therefore, are used to perform computer authentication and monitor sessions, as well as to store information regarding the activities of users who access a site. Sites may also contain a unique identification code that allows companies to track the user's navigation within the site itself for statistical or advertising purposes. While browsing a site, the user may also receive cookies on one\u2019s device which come from sites or web servers different from the site being visited. They are called <em>third-party<\/em> <em>cookies<\/em>. There are some operations which would be impossible to do without the use of cookies, i.e. there are actually some sites that technically require cookies in order for them to function.\n\nThere are various types of cookies, depending on their characteristics and functions, and these can remain on the user's computer for different periods of time. For example, so-called <em>session<\/em> <em>cookies,<\/em> which are automatically deleted when the browser is closed. Another example is <em>persistent<\/em> <em>cookies<\/em>, which remain on the user's equipment until a set deadline. According to the legislation in force in Italy, the use of cookies does not always require the express consent of the user. In particular <em>technical cookies<\/em>, i.e. those used for the purpose of transmitting notices regarding an electronic communication network, or just to provide a service explicitly requested by the user, do not require such consent. These are, in other words, cookies that are indispensable for the operation of the site or necessary to perform activities requested by the user. Among the <em>technical cookies<\/em>, which do not require express consent for their use. In addition, the Italian Data Protection Supervisor (cf. Measures for the Identification of Simplified Methods for the Disclosure and Acquisition of Consent for the Use of Cookies, May 8<sup>th<\/sup>, 2014, and subsequent clarifications, below simply called \"Provision\") also includes:\n\n<em>Cookie analytics<\/em>, used directly by the site manager to collect information, in aggregate form, on the number of users, and how they visit the site;\n\n<em>Browsing or session cookies<\/em> (to authenticate);\n\n<em>Functional cookies<\/em>, which allow the user to navigate according to a series of selected criteria (for example language, products selected for purchase, etc.) in order to improve the service rendered to the user.\nIn contrast there are also <em>profiling cookies<\/em>, for which a prior consent of the user is required. They are designed to create profiles related to the user, and are used to send advertising messages in line with the preferences expressed by the user in the context of one\u2019s network browsing.\n\nThis website uses cookies.\n\nThe site uses <em>third-party cookies<\/em> to offer you a service in line with the preferences you express in the context of online browsing. If you want to know more or deny consent to cookies, click here. If you continue browsing by selecting an element of the Site, you consent to the use of cookies. Your consent applies to the following website: www.albinoarmani.com.\n\n&nbsp;\n--><\/p>\n<p><a href=\"https:\/\/www.iubenda.com\/privacy-policy\/55149128\/cookie-policy\" class=\"iubenda-nostyle no-brand iubenda-noiframe iubenda-embed iubenda-noiframe iub-body-embed\" title=\"Cookie Policy\" target=\"_blank\" rel=\"noopener\">Cookie Policy<\/a><script type=\"text\/javascript\">(function (w,d) {var loader = function () {var s = d.createElement(\"script\"), tag = d.getElementsByTagName(\"script\")[0]; s.src=\"https:\/\/cdn.iubenda.com\/iubenda.js\"; tag.parentNode.insertBefore(s,tag);}; if(w.addEventListener){w.addEventListener(\"load\", loader, false);}else if(w.attachEvent){w.attachEvent(\"onload\", loader);}else{w.onload = loader;}})(window, document);<\/script><\/p>\n<p><strong>CONDIZIONI DI VENDITA<\/strong><\/p>\n<p>PREMESSA<br \/>\nIl testo che segue (\u201ccondizioni generali di vendita\u201d) disciplina le modalit\u00e0 e le condizioni di vendita dei prodotti commercializzati da Futuri 1607 (i \u201cprodotti\u201d). Tutti i contratti per la vendita di prodotti da parte di Futuri 1607 a terzi (i \u201cclienti\u201d) sono regolati dalle presenti Condizioni Generali, le quali formano parte integrante e sostanziale di ogni proposta, ordine e conferma d\u2019ordine di acquisto dei prodotti stessi. Le condizioni di vendita applicabili all\u2019ordine sono quelle in vigore alla data dell\u2019ordine stesso.<br \/>\nOgni modifica relativa a operazioni o condizioni di pagamento eventualmente concessa in deroga alle Condizioni Generali sar\u00e0 valida solo se Futuri 1607 avr\u00e0 accettato detta condizione per iscritto.<\/p>\n<p>Le Condizioni Generali si applicano a tutti i Clienti, salvo alcune disposizioni applicabili esclusivamente al Cliente Consumatore (per \u201cCliente Consumatore\u201d s\u2019intende una persona fisica che acquisti i prodotti per scopi estranei all\u2019attivit\u00e0 imprenditoriale o professionale eventualmente svolta); si presume che non sia \u201cCliente Consumatore\u201d quel Cliente che invii una proposta d\u2019acquisto inserendo la propria partiva IVA nell\u2019area relativa ai dati anagrafici del Cliente. Ai Contratti d\u2019Acquisto stipulati da Clienti Consumatori si applicano inoltre gli articoli da 50 a 63 del D. Lgs. n. 206\/2005.<br \/>\nFuturi 1607 potr\u00e0 modificare, in qualsiasi momento e senza preavviso, il contenuto delle Condizioni Generali di cui al presente documento: tali modifiche avranno effetto dalla data di pubblicazione sul Sito.<br \/>\nPROCEDURA D\u2019ACQUISTO<br \/>\nL\u2019ordine inviato dal Cliente ha valore di proposta contrattuale e comporta la completa conoscenza ed integrale accettazione delle presenti Condizioni Generali.<br \/>\nL\u2019avvenuta corretta ricezione della proposta del Cliente \u00e8 confermata da Futuri 1607 mediante una risposta automatica inviata all\u2019indirizzo di posta elettronica del Cliente. Tale mail automatica conferma solamente la corretta ricezione della proposta. Il messaggio di conferma indicher\u00e0 il \u2018Numero Ordine\u2019, da utilizzarsi in ogni successiva comunicazione con Futuri 1607.<\/p>\n<p>Ciascun ordine \u00e8 visibile dal Cliente nella propria area personale del Sito. Non appena l\u2019ordine verr\u00e0 evaso, i dati contenuti all\u2019interno dell\u2019area personale verranno aggiornati. Ciascun Contratto d\u2019Acquisto stipulato tra Futuri 1607 e il Cliente deve intendersi concluso con l\u2019accettazione dell\u2019ordine da parte de Futuri 1607 a facolt\u00e0 di accettare o meno, a propria discrezione, l\u2019ordine inviato dal Cliente, senza che quest\u2019ultimo possa avanzare pretese o diritti di sorta, a qualsiasi titolo, anche risarcitorio, in caso di mancata accettazione dell\u2019ordine stesso. L\u2019ordine si intende accettato da Futuri 1607 se, entro 48 ore dall\u2019invio dell\u2019ordine, il Cliente non dovesse ricevere altre comunicazioni. In caso di mancata accettazione Futuri 1607 provveder\u00e0 a dare avviso al cliente tramite messaggio di posta elettronica.<\/p>\n<p>Con l\u2019invio dell\u2019ordine il Cliente dichiara di aver preso visione di tutte le indicazioni a lui fornite durante la procedura d\u2019acquisto, e di accettare integralmente le Condizioni Generali e di pagamento di seguito descritte.<br \/>\nPREZZI DEI PRODOTTI \u2013 SPESE DI CONSEGNA \u2013 DISPONIBILIT\u00c0 DEI PRODOTTI<br \/>\nTutti i prezzi dei prodotti sono chiaramente indicati sul Sito e si intendono comprensivi di IVA. Essi non includono eventuali altre tasse, imposte o dazi disposti dalle relative legislazioni applicabili in caso di importazione. In questo caso il Cliente dovr\u00e0 provvedere a sdoganare i prodotti versando i dazi e le imposte (diverse dall\u2019IVA) eventualmente dovuti nel Paese di importazione.<\/p>\n<p>I prezzi e le disponibilit\u00e0 dei prodotti riportati sul Sito sono soggetti a modifica in qualsiasi momento e senza preavviso, fermo restando che, limitatamente agli ordini in corso di accettazione o gi\u00e0 accettati da Futuri 1607 ,si applicheranno le condizioni di vendita vigenti al momento dell\u2019invio dell\u2019ordine da parte del Cliente.<\/p>\n<p>La disponibilit\u00e0 indicata nelle schede prodotto non \u00e8 aggiornata in tempo reale; nel caso in cui dovessero verificarsi numerosi accessi al sito, l\u2019effettiva disponibilit\u00e0 dei singoli prodotti potr\u00e0 variare sensibilmente nel corso della medesima giornata rispetto alle indicazioni riportate sul Sito. In virt\u00f9 di queste variabili Futuri 1607 non garantisce, quindi, la certezza di evasione immediata della consegna dei prodotti acquistati e indicati come disponibili sul Sito e pertanto essa non sar\u00e0 in nessun caso responsabile di eventuali ritardi nella consegna.<\/p>\n<p>Per pagamenti con bonifico bancario, Futuri 1607 s.r.l. provveder\u00e0 ad inviare i prodotti solo quando il relativo importo risulter\u00e0 accreditato presso il conto corrente intestato a Futuri 1607 s.r.l.<\/p>\n<p>Qualora i tempi di consegna del prodotto ordinato subiscano ritardi rispetto ai tempi di consegna indicati sul Sito prima dell\u2019ordine, Futuri 1607 s.r.l. si impegna a darne pronta comunicazione al Cliente tramite un messaggio di posta elettronica. Fino al momento della spedizione il Cliente ha la facolt\u00e0 di annullare l\u2019ordine o modificarlo, esclusivamente seguendo le procedure riportate nella propria area personale. Il costo di ciascuna spedizione, il cui ammontare potr\u00e0 variare in base alla modalit\u00e0 di consegna e di pagamento nonch\u00e9 alla nazione di destinazione e all\u2019importo totale dell\u2019ordine, si somma al prezzo complessivo di ciascun acquisto ed \u00e8 chiaramente indicato e comunicato al Cliente prima della conclusione del Contratto d\u2019Acquisto, all\u2019interno del Sito.<\/p>\n<p>La rappresentazione visiva dei prodotti sul Sito, ove disponibile, corrisponde normalmente all\u2019immagine fotografica dei prodotti stessi ed ha il solo scopo di presentarli per la vendita, senza alcuna garanzia o impegno, da parte di Futuri 1607 s.r.l., circa l\u2019esatta corrispondenza dell\u2019immagine raffigurata sul Sito con il prodotto reale (con particolare riferimento alle dimensioni reali e\/o agli aspetti cromatici dei prodotti).<br \/>\nDIRITTO DI RECESSO<br \/>\nPu\u00f2 esercitare il diritto di recesso (e recedere dal contratto per qualunque motivo) il cliente-consumatore (ossia una persona fisica che acquista la merce per scopi non riferibili alla propria attivit\u00e0 professionale).<br \/>\nPer esercitare tale diritto il cliente dovr\u00e0 inviare a Futuri 1607 s.r.l. una comunicazione entro 14 giorni lavorativi dalla data di consegna della merce.<br \/>\nNota Bene: Non possono esercitare il diritto di recesso i clienti che acquistano con Partita IVA.<\/p>\n<p>Il diritto di recesso \u00e8 comunque sottoposto alle seguenti condizioni:<br \/>\n1. Il bene acquistato dovr\u00e0 essere integro e restituito nella confezione originale, completa in tutte le sue parti (comprese imballo ed eventuale documentazione e dotazione accessoria);<br \/>\n2. Per limitare danneggiamenti alla confezione originale raccomandiamo, quando possibile, di inserirla in una seconda scatola (\u00e8 proibita l\u2019applicazione di etichette o nastri adesivi sulla confezione originale del prodotto);<br \/>\n3. La spedizione, fino all\u2019arrivo nel nostro magazzino, \u00e8 sotto la completa responsabilit\u00e0 del cliente;<br \/>\n4. Le spese di trasporto per la restituzione della merce sono gratuite (solo in Italia);<\/p>\n<p>Futuri 1607 s.r.l. non risponde in nessun modo per danneggiamenti o furto\/smarrimento di beni restituiti con spedizioni non assicurate. Non verranno ritirati in nessun caso pacchi in contrassegno n\u00e9 in porto assegnato.<\/p>\n<p>RIMBORSO AL CLIENTE<br \/>\nFatte salve eventuali spese di ripristino per danni accertati all\u2019imballo originale, Futuri 1607 s.r.l. provveder\u00e0 a rimborsare al cliente l\u2019 importo gi\u00e0 pagato per il prodotto, escluso le spese di trasporto, tramite procedura di storno dell\u2019importo addebitato sulla Carta di Credito o a mezzo Bonifico Bancario. In quest\u2019ultimo caso, sar\u00e0 cura del cliente fornire tempestivamente le proprie coordinate bancarie (Codice IBAN).<\/p>\n<p>RIMBORSI CLIENTI ESTERNI EU<br \/>\nIl costo di spedizione per il rientro del prodotto acquistato \u00e8 a carico del cliente e per i paesi esterni alla EU al rimborso finale verranno detratti i costi delle tasse di importazione.<\/p>\n<p>QUANDO DECADE IL DIRITTO DI RECESSO<br \/>\nIl diritto di recesso decade nei casi in cui Futuri 1607 s.r.l. accerti:<br \/>\n1. Utilizzo anche parziale del bene;<br \/>\n2. La mancanza della confezione esterna e\/o dell\u2019imballo interno originale;<br \/>\n3. L\u2019assenza di elementi integranti del prodotto;<br \/>\n4. Il danneggiamento del prodotto per cause diverse dal suo trasporto.<\/p>\n<p>Nei casi sopra indicati, Futuri 1607 s.r.l. provveder\u00e0 a restituire al mittente il bene acquistato, addebitando allo stesso le spese di spedizione.<\/p>\n<p>COMUNICAZIONI E RECLAMI<br \/>\nTutte le comunicazioni o gli eventuali reclami del Cliente nei confronti di Futuri 1607 s.r.l. relativamente ai Contratti d\u2019Acquisto dovranno essere indirizzate al Servizio Clienti scrivendo a info@albinoarmani.com<\/p>\n<p>FORO COMPETENTE<br \/>\nIl Contratto d\u2019Acquisto tra il Cliente e Futuri 1607 s.r.l.s\u2019intende concluso in Italia e regolato dalla Legge Italiana. Per qualsiasi controversia sar\u00e0 competente l\u2019Autorit\u00e0 Giudiziaria di Venezia.<\/p>\n<p>TRATTAMENTO DEI DATI PERSONALI (PRIVACY)<br \/>\nPer la disciplina del trattamento dei dati personali da parte de Futuri 1607 s.r.l. si rinvia all\u2019area del sito appositamente dedicata.[\/vc_column_text][\/vc_column][\/vc_row]<\/p>\n<\/div>","protected":false},"excerpt":{"rendered":"<p>[vc_row][vc_column][vc_column_text]PRIVACY POLICY Privacy policy and cookie policy ex Art 13 of the EU General Data Protection Regulation 2016\/679 (GDPR) Cantina Vini Armani A. s.r.l. &nbsp; COMPANY NAME is constantly striving to protect the online privacy of its users. A) Source [&hellip;]<\/p>\n","protected":false},"author":1,"featured_media":0,"parent":0,"menu_order":44,"comment_status":"closed","ping_status":"open","template":"","meta":{"_acf_changed":false,"footnotes":""},"class_list":["post-5772","page","type-page","status-publish","hentry"],"acf":[],"_links":{"self":[{"href":"https:\/\/www.albinoarmani.com\/en\/wp-json\/wp\/v2\/pages\/5772","targetHints":{"allow":["GET"]}}],"collection":[{"href":"https:\/\/www.albinoarmani.com\/en\/wp-json\/wp\/v2\/pages"}],"about":[{"href":"https:\/\/www.albinoarmani.com\/en\/wp-json\/wp\/v2\/types\/page"}],"author":[{"embeddable":true,"href":"https:\/\/www.albinoarmani.com\/en\/wp-json\/wp\/v2\/users\/1"}],"replies":[{"embeddable":true,"href":"https:\/\/www.albinoarmani.com\/en\/wp-json\/wp\/v2\/comments?post=5772"}],"version-history":[{"count":15,"href":"https:\/\/www.albinoarmani.com\/en\/wp-json\/wp\/v2\/pages\/5772\/revisions"}],"predecessor-version":[{"id":9211,"href":"https:\/\/www.albinoarmani.com\/en\/wp-json\/wp\/v2\/pages\/5772\/revisions\/9211"}],"wp:attachment":[{"href":"https:\/\/www.albinoarmani.com\/en\/wp-json\/wp\/v2\/media?parent=5772"}],"curies":[{"name":"wp","href":"https:\/\/api.w.org\/{rel}","templated":true}]}}